{"id":7666,"date":"2021-06-17T08:00:04","date_gmt":"2021-06-17T06:00:04","guid":{"rendered":"http:\/\/kunde.easylink-v3.at\/?page_id=7666"},"modified":"2025-07-21T12:36:19","modified_gmt":"2025-07-21T10:36:19","slug":"philosophie-dienstleistungsangebot","status":"publish","type":"page","link":"https:\/\/alterna-gruppe.com\/de\/philosophie-dienstleistungsangebot\/","title":{"rendered":"Philosophie &#038; Dienstleistungsangebot"},"content":{"rendered":"<p>[et_pb_section fb_built=&#8220;1&#8243; _builder_version=&#8220;4.9.7&#8243; _module_preset=&#8220;default&#8220; background_image=&#8220;https:\/\/alterna-gruppe.com\/de\/wp-content\/uploads\/2021\/06\/skyline-frankfurt-am-main-germany-view-from-river.jpg&#8220; max_height=&#8220;400px&#8220; custom_padding=&#8220;||434px|||&#8220; global_colors_info=&#8220;{}&#8220;][et_pb_row _builder_version=&#8220;4.9.7&#8243; _module_preset=&#8220;default&#8220; max_height=&#8220;400px&#8220; global_colors_info=&#8220;{}&#8220;][et_pb_column type=&#8220;4_4&#8243; _builder_version=&#8220;4.9.7&#8243; _module_preset=&#8220;default&#8220; global_colors_info=&#8220;{}&#8220;][\/et_pb_column][\/et_pb_row][\/et_pb_section][et_pb_section fb_built=&#8220;1&#8243; custom_padding_last_edited=&#8220;on|phone&#8220; admin_label=&#8220;Philosophie&#8220; module_id=&#8220;strukturierung&#8220; _builder_version=&#8220;4.9.7&#8243; width=&#8220;100%&#8220; custom_padding=&#8220;|0px|60px|0px|false|false&#8220; custom_padding_tablet=&#8220;&#8220; custom_padding_phone=&#8220;||0px||false|false&#8220; global_colors_info=&#8220;{}&#8220;][et_pb_row _builder_version=&#8220;4.9.7&#8243; module_alignment=&#8220;center&#8220; custom_margin=&#8220;||10px||false|false&#8220; custom_padding=&#8220;||10px||false|false&#8220; global_colors_info=&#8220;{}&#8220; width__hover_enabled=&#8220;on|desktop&#8220;][et_pb_column type=&#8220;4_4&#8243; _builder_version=&#8220;3.25&#8243; background_color_gradient_direction=&#8220;35deg&#8220; custom_padding=&#8220;|60px||&#8220; global_colors_info=&#8220;{}&#8220; custom_padding__hover=&#8220;|||&#8220;][et_pb_text admin_label=&#8220;Text Philosophie&#8220; _builder_version=&#8220;4.9.10&#8243; text_font=&#8220;||||||||&#8220; text_font_size=&#8220;18px&#8220; text_line_height=&#8220;1.8em&#8220; header_text_align=&#8220;center&#8220; header_2_letter_spacing=&#8220;1px&#8220; header_3_font=&#8220;|600||||on|||&#8220; header_3_text_color=&#8220;#444444&#8243; header_3_font_size=&#8220;23px&#8220; header_3_letter_spacing=&#8220;2px&#8220; header_3_line_height=&#8220;1.5em&#8220; max_width_tablet=&#8220;&#8220; max_width_phone=&#8220;&#8220; max_width_last_edited=&#8220;on|phone&#8220; module_alignment=&#8220;left&#8220; custom_margin=&#8220;|||&#8220; text_font_size_tablet=&#8220;&#8220; text_font_size_phone=&#8220;16px&#8220; text_font_size_last_edited=&#8220;on|phone&#8220; header_3_font_size_tablet=&#8220;&#8220; header_3_font_size_phone=&#8220;19px&#8220; header_3_font_size_last_edited=&#8220;on|phone&#8220; locked=&#8220;off&#8220; global_colors_info=&#8220;{}&#8220;]<\/p>\n<h3>Philosophie<\/h3>\n<p>Alterna fokussiert auf das Machbare und nicht auf das schon Gemachte. <\/p>\n<p>Die Alterna verschiebt f\u00fcr ihre Klienten die Grenzen der Flexibilit\u00e4t bei der Strukturierung und Verwaltung von Alternativen Anlagen. Basierend auf der geb\u00fcndelten Kenntnis \u00fcber den vollst\u00e4ndigen Raum realisierbarer Umsetzungsoptionen, ist die Alterna in der einzigartigen Lage, optimale L\u00f6sungen f\u00fcr Klienten zu spezifizieren, ohne eine eingebaute Pr\u00e4ferenz f\u00fcr die eine oder andere Umsetzungsform.<\/p>\n<p>Alterna ist frei von Denkmustern und nicht an bestimmte Strukturen oder Gesch\u00e4ftsprozesse gebunden.[\/et_pb_text][\/et_pb_column][\/et_pb_row][\/et_pb_section][et_pb_section fb_built=&#8220;1&#8243; admin_label=&#8220;Dienstleistungsangebot&#8220; module_id=&#8220;dienstleistungsangebot&#8220; _builder_version=&#8220;4.9.10&#8243; width=&#8220;100%&#8220; custom_padding=&#8220;|0px|60px|0px|false|false&#8220; global_colors_info=&#8220;{}&#8220;][et_pb_row _builder_version=&#8220;4.9.7&#8243; width_tablet=&#8220;&#8220; width_phone=&#8220;&#8220; width_last_edited=&#8220;on|desktop&#8220; module_alignment=&#8220;center&#8220; custom_margin=&#8220;0px||0px||false|false&#8220; custom_padding=&#8220;0px||0px||false|false&#8220; global_colors_info=&#8220;{}&#8220;][et_pb_column type=&#8220;4_4&#8243; _builder_version=&#8220;3.25&#8243; background_color_gradient_direction=&#8220;35deg&#8220; custom_padding=&#8220;|60px||&#8220; global_colors_info=&#8220;{}&#8220; custom_padding__hover=&#8220;|||&#8220;][et_pb_text admin_label=&#8220;\u00dcberschrift Dienstleistungsangebot&#8220; _builder_version=&#8220;4.9.10&#8243; text_font=&#8220;||||||||&#8220; text_font_size=&#8220;18px&#8220; text_line_height=&#8220;1.8em&#8220; header_text_align=&#8220;center&#8220; header_2_letter_spacing=&#8220;1px&#8220; header_3_font=&#8220;|600||||on|||&#8220; header_3_text_color=&#8220;#444444&#8243; header_3_font_size=&#8220;23px&#8220; header_3_letter_spacing=&#8220;2px&#8220; header_3_line_height=&#8220;1.5em&#8220; max_width_tablet=&#8220;&#8220; max_width_phone=&#8220;&#8220; max_width_last_edited=&#8220;on|phone&#8220; module_alignment=&#8220;left&#8220; custom_margin=&#8220;0px||||false|false&#8220; custom_padding=&#8220;0px||||false|false&#8220; header_3_font_size_tablet=&#8220;&#8220; header_3_font_size_phone=&#8220;19px&#8220; header_3_font_size_last_edited=&#8220;on|phone&#8220; locked=&#8220;off&#8220; global_colors_info=&#8220;{}&#8220;]<\/p>\n<h3>Dienstleistungsangebot<\/h3>\n<p>[\/et_pb_text][\/et_pb_column][\/et_pb_row][et_pb_row column_structure=&#8220;2_3,1_3&#8243; _builder_version=&#8220;4.9.7&#8243; width_tablet=&#8220;&#8220; width_phone=&#8220;&#8220; width_last_edited=&#8220;on|desktop&#8220; module_alignment=&#8220;center&#8220; custom_margin=&#8220;0px||0px||false|false&#8220; custom_padding=&#8220;0px||0px||false|false&#8220; global_colors_info=&#8220;{}&#8220;][et_pb_column type=&#8220;2_3&#8243; _builder_version=&#8220;4.9.7&#8243; background_color_gradient_direction=&#8220;35deg&#8220; custom_padding=&#8220;|60px|||false|false&#8220; custom_padding_tablet=&#8220;|0px|||false|false&#8220; custom_padding_phone=&#8220;&#8220; custom_padding_last_edited=&#8220;on|phone&#8220; global_colors_info=&#8220;{}&#8220; custom_padding__hover=&#8220;|||&#8220;][et_pb_text admin_label=&#8220;Text Strukturierung (Structuring)&#8220; _builder_version=&#8220;4.9.10&#8243; text_font=&#8220;||||||||&#8220; text_font_size=&#8220;18px&#8220; text_line_height=&#8220;1.8em&#8220; header_text_align=&#8220;center&#8220; header_2_font_size=&#8220;24px&#8220; header_2_letter_spacing=&#8220;1px&#8220; header_3_font=&#8220;|600||||on|||&#8220; header_3_text_color=&#8220;#444444&#8243; header_3_font_size=&#8220;23px&#8220; header_3_letter_spacing=&#8220;2px&#8220; header_3_line_height=&#8220;1.5em&#8220; max_width_tablet=&#8220;&#8220; max_width_phone=&#8220;&#8220; max_width_last_edited=&#8220;on|phone&#8220; module_alignment=&#8220;left&#8220; custom_margin=&#8220;|||&#8220; custom_margin_tablet=&#8220;&#8220; custom_margin_phone=&#8220;&#8220; custom_margin_last_edited=&#8220;on|tablet&#8220; custom_padding_tablet=&#8220;&#8220; custom_padding_phone=&#8220;&#8220; custom_padding_last_edited=&#8220;on|phone&#8220; text_font_size_tablet=&#8220;&#8220; text_font_size_phone=&#8220;16px&#8220; text_font_size_last_edited=&#8220;on|phone&#8220; locked=&#8220;off&#8220; global_colors_info=&#8220;{}&#8220;]<em>Strukturierung (Structuring)<\/em><\/p>\n<p>Alterna entwickelt f\u00fcr jede Alternative Anlagestrategie die optimale Struktur, d.h. Investmentvehikel, Vertr\u00e4ge und Definition der Prozesse. Bei der Konzipierung der Struktur Alternativer Anlagen kann die Alterna auf alle zul\u00e4ssigen Arten von Investmentvehikeln zur\u00fcckgreifen: Fondsvehikel (AIF), Verbriefungsgesellschaften und auch operativ t\u00e4tige Gesellschaften. Zus\u00e4tzliche Flexibilit\u00e4t entsteht durch die Wahl der optimalen Jurisdiktion. Alterna setzt global Investmentvehikel auf und koordiniert auch die Vertragserstellung mit allen relevanten Dienstleistern.<\/p>\n<p>Ebenso definiert die Alterna alle wichtigen Prozesse f\u00fcr eine effiziente Verwaltung der Alternativen Anlagen, sowohl im Vehikel selbst als auch beim Anleger. Hierbei spielt der optimale Grad an Auslagerung und Kontrolle von Funktionen eine besondere Rolle.<\/p>\n<p>Dar\u00fcber hinaus begleitet Alterna ihre Klienten bei der Gr\u00fcndung, Lizensierung oder personellen Besetzung von Kapitalverwaltungsgesellschaften (AIFM) in Luxemburg sowie in Deutschland und steht dem AIFM auch fortlaufend w\u00e4hrend der Gesch\u00e4ftsaus\u00fcbung beratend zur Seite.[\/et_pb_text][\/et_pb_column][et_pb_column type=&#8220;1_3&#8243; _builder_version=&#8220;4.9.7&#8243; background_color_gradient_direction=&#8220;35deg&#8220; custom_padding=&#8220;|0px|||false|false&#8220; custom_padding_tablet=&#8220;|0px|||false|false&#8220; custom_padding_phone=&#8220;|0px|||false|false&#8220; custom_padding_last_edited=&#8220;on|desktop&#8220; global_colors_info=&#8220;{}&#8220; custom_padding__hover=&#8220;|||&#8220;][et_pb_image src=&#8220;https:\/\/alterna-gruppe.com\/de\/wp-content\/uploads\/2021\/06\/planning-risk-strategy-project-management-business.jpg&#8220; title_text=&#8220;alterna-gruppe.com &#8211; Dienstleistungsangebot&#8220; _builder_version=&#8220;4.9.11&#8243; _module_preset=&#8220;default&#8220; border_color_all=&#8220;#efefef&#8220; box_shadow_style=&#8220;preset3&#8243; box_shadow_color=&#8220;rgba(0,0,0,0.62)&#8220; box_shadow_horizontal_tablet=&#8220;20px&#8220; box_shadow_horizontal_phone=&#8220;10px&#8220; box_shadow_horizontal_last_edited=&#8220;on|phone&#8220; box_shadow_vertical_tablet=&#8220;20px&#8220; box_shadow_vertical_phone=&#8220;10px&#8220; box_shadow_vertical_last_edited=&#8220;on|phone&#8220; global_colors_info=&#8220;{}&#8220;][\/et_pb_image][\/et_pb_column][\/et_pb_row][et_pb_row _builder_version=&#8220;4.9.10&#8243; _module_preset=&#8220;default&#8220; global_colors_info=&#8220;{}&#8220;][et_pb_column type=&#8220;4_4&#8243; _builder_version=&#8220;4.9.10&#8243; _module_preset=&#8220;default&#8220; global_colors_info=&#8220;{}&#8220;][et_pb_text admin_label=&#8220;Gesch\u00e4ftsbesorgung (Agency)&#8220; _builder_version=&#8220;4.9.10&#8243; text_font=&#8220;||||||||&#8220; text_font_size=&#8220;18px&#8220; text_line_height=&#8220;1.8em&#8220; ul_line_height=&#8220;1.8em&#8220; header_text_align=&#8220;center&#8220; header_2_font_size=&#8220;24px&#8220; header_2_letter_spacing=&#8220;1px&#8220; header_3_font=&#8220;|600||||on|||&#8220; header_3_text_color=&#8220;#444444&#8243; header_3_font_size=&#8220;23px&#8220; header_3_letter_spacing=&#8220;2px&#8220; header_3_line_height=&#8220;1.5em&#8220; max_width_tablet=&#8220;&#8220; max_width_phone=&#8220;&#8220; max_width_last_edited=&#8220;on|phone&#8220; module_alignment=&#8220;left&#8220; custom_margin=&#8220;|||&#8220; text_font_size_tablet=&#8220;&#8220; text_font_size_phone=&#8220;16px&#8220; text_font_size_last_edited=&#8220;on|phone&#8220; locked=&#8220;off&#8220; global_colors_info=&#8220;{}&#8220;]<\/p>\n<p><em>Gesch\u00e4ftsbesorgung (Agency)<br \/><\/em><br \/>Alternativen Anlagen weisen ihrer Art gem\u00e4\u00df stets eine hohe Komplexit\u00e4t in ihren Gesch\u00e4ftsvorg\u00e4ngen auf. Diese Komplexit\u00e4t zeigt sich in ihrer Wirkung sowohl auf Ebene des Investmentvehikels als auch auf Ebene des Anlegers. Alterna unterst\u00fctzt beide Ebenen mit einem breiten Spektrum von Beratungsdienstleistungen und Gesch\u00e4ftsbesorgungen.<\/p>\n<p>Dazu geh\u00f6ren unter anderem:<\/p>\n<p>[\/et_pb_text][\/et_pb_column][\/et_pb_row][et_pb_row column_structure=&#8220;1_3,2_3&#8243; _builder_version=&#8220;4.9.10&#8243; width_tablet=&#8220;&#8220; width_phone=&#8220;&#8220; width_last_edited=&#8220;on|desktop&#8220; module_alignment=&#8220;center&#8220; custom_margin=&#8220;||||false|false&#8220; custom_padding=&#8220;||||false|false&#8220; global_colors_info=&#8220;{}&#8220;][et_pb_column type=&#8220;1_3&#8243; _builder_version=&#8220;4.9.7&#8243; background_color_gradient_direction=&#8220;35deg&#8220; custom_padding=&#8220;||||false|false&#8220; global_colors_info=&#8220;{}&#8220; custom_padding__hover=&#8220;|||&#8220;][et_pb_image src=&#8220;https:\/\/alterna-gruppe.com\/de\/wp-content\/uploads\/2021\/06\/modern-office-boardroom-interior-with-conference-table-big-window.jpg&#8220; title_text=&#8220;alterna-gruppe.com &#8211; Gesch\u00e4ftsbesorgungen f\u00fcr Anleger&#8220; _builder_version=&#8220;4.9.11&#8243; _module_preset=&#8220;default&#8220; custom_margin=&#8220;60px||||false|false&#8220; custom_margin_tablet=&#8220;30px||||false|false&#8220; custom_margin_phone=&#8220;10px||||false|false&#8220; custom_margin_last_edited=&#8220;on|phone&#8220; border_color_all=&#8220;#efefef&#8220; box_shadow_style=&#8220;preset3&#8243; box_shadow_color=&#8220;rgba(0,0,0,0.62)&#8220; box_shadow_horizontal_tablet=&#8220;&#8220; box_shadow_horizontal_phone=&#8220;&#8220; box_shadow_horizontal_last_edited=&#8220;on|tablet&#8220; box_shadow_vertical_tablet=&#8220;&#8220; box_shadow_vertical_phone=&#8220;&#8220; box_shadow_vertical_last_edited=&#8220;on|phone&#8220; global_colors_info=&#8220;{}&#8220;][\/et_pb_image][\/et_pb_column][et_pb_column type=&#8220;2_3&#8243; _builder_version=&#8220;4.9.7&#8243; background_color_gradient_direction=&#8220;115deg&#8220; custom_padding=&#8220;|||60px|false|false&#8220; custom_padding_tablet=&#8220;|||0px|false|false&#8220; custom_padding_phone=&#8220;|||0px|false|false&#8220; custom_padding_last_edited=&#8220;on|phone&#8220; global_colors_info=&#8220;{}&#8220; custom_padding__hover=&#8220;|||&#8220;][et_pb_text admin_label=&#8220;Gesch\u00e4ftsbesorgungen f\u00fcr Anleger&#8220; _builder_version=&#8220;4.9.10&#8243; text_font=&#8220;||||||||&#8220; text_font_size=&#8220;18px&#8220; text_line_height=&#8220;1.8em&#8220; ul_line_height=&#8220;1.8em&#8220; header_text_align=&#8220;center&#8220; header_2_font_size=&#8220;24px&#8220; header_2_letter_spacing=&#8220;1px&#8220; header_3_font=&#8220;|600||||on|||&#8220; header_3_text_color=&#8220;#444444&#8243; header_3_font_size=&#8220;23px&#8220; header_3_letter_spacing=&#8220;2px&#8220; header_3_line_height=&#8220;1.5em&#8220; max_width_tablet=&#8220;&#8220; max_width_phone=&#8220;&#8220; max_width_last_edited=&#8220;on|phone&#8220; module_alignment=&#8220;left&#8220; custom_margin=&#8220;|||&#8220; text_font_size_tablet=&#8220;&#8220; text_font_size_phone=&#8220;16px&#8220; text_font_size_last_edited=&#8220;on|phone&#8220; locked=&#8220;off&#8220; global_colors_info=&#8220;{}&#8220;]<\/p>\n<p><strong><span class=\"et-fb-editable-element et-fb-editable-element__editing\" contenteditable=\"true\" data-shortcode-id=\"2.2.0.0-1627044838482\">Gesch\u00e4ftsbesorgungen <\/span> f\u00fcr Anleger<\/strong><\/p>\n<p>Die Erfassung und Berichterstattung von Alternativen Anlagen sind regelm\u00e4\u00dfig besonders komplexe Herausforderungen. Mit ihrem Dienstleistungsangebot schl\u00e4gt die Alterna die notwendige Br\u00fccke zwischen den klassischen Kapitalanlagen und Alternativer Anlagen in Bezug auf deren Einbindung in bestehende Systeme und Prozesse. Dazu geh\u00f6rt unter anderem:<\/p>\n<ul>\n<li>Stammdatenversorgung f\u00fcr die bestandsf\u00fchrenden Systeme,<\/li>\n<li>Zulieferung von Daten an die Controlling-Abteilung in Form von z.B. Performance Messung, Benchmarking,<\/li>\n<li>Unterst\u00fctzung beim Accounting bis hin zur Voll-Konsolidierung nach IFRS,<\/li>\n<li>Ma\u00dfgeschneidertes Reporting auf Einzel-Investment- und Portfolio-Ebene zur Steuerung und \u00dcberwachung der Allokation f\u00fcr die Kapitalanlage- und Risikomanagement-Funktionen,<\/li>\n<li>Identifikation der ma\u00dfgeblichen Risikofaktoren und methodische Unterst\u00fctzung bei der Integration in das Risikomanagement der Investoren.<\/li>\n<\/ul>\n<p>Die Alterna bietet die Bereitstellung individueller Schnittstellen und Lieferung der ben\u00f6tigten Datens\u00e4tze, insbesondere auch innerhalb kurzer Fristen.<\/p>\n<p>[\/et_pb_text][\/et_pb_column][\/et_pb_row][et_pb_row column_structure=&#8220;2_3,1_3&#8243; _builder_version=&#8220;4.9.10&#8243; width_tablet=&#8220;&#8220; width_phone=&#8220;&#8220; width_last_edited=&#8220;on|desktop&#8220; module_alignment=&#8220;center&#8220; custom_margin=&#8220;||||false|false&#8220; custom_padding=&#8220;||||false|false&#8220; global_colors_info=&#8220;{}&#8220;][et_pb_column type=&#8220;2_3&#8243; _builder_version=&#8220;4.9.7&#8243; background_color_gradient_direction=&#8220;35deg&#8220; custom_padding=&#8220;|60px||&#8220; custom_padding_tablet=&#8220;|0px|||false|false&#8220; custom_padding_phone=&#8220;|0px|||false|false&#8220; custom_padding_last_edited=&#8220;on|desktop&#8220; global_colors_info=&#8220;{}&#8220; custom_padding__hover=&#8220;|||&#8220;][et_pb_text admin_label=&#8220;Gesch\u00e4ftsbesorgungen f\u00fcr Investmentvehikel&#8220; _builder_version=&#8220;4.9.10&#8243; text_font=&#8220;||||||||&#8220; text_font_size=&#8220;18px&#8220; text_line_height=&#8220;1.8em&#8220; ul_line_height=&#8220;1.8em&#8220; header_text_align=&#8220;center&#8220; header_2_font_size=&#8220;24px&#8220; header_2_letter_spacing=&#8220;1px&#8220; header_3_font=&#8220;|600||||on|||&#8220; header_3_text_color=&#8220;#444444&#8243; header_3_font_size=&#8220;23px&#8220; header_3_letter_spacing=&#8220;2px&#8220; header_3_line_height=&#8220;1.5em&#8220; max_width_tablet=&#8220;&#8220; max_width_phone=&#8220;&#8220; max_width_last_edited=&#8220;on|phone&#8220; module_alignment=&#8220;left&#8220; custom_margin=&#8220;|||&#8220; text_font_size_tablet=&#8220;&#8220; text_font_size_phone=&#8220;16px&#8220; text_font_size_last_edited=&#8220;on|phone&#8220; locked=&#8220;off&#8220; global_colors_info=&#8220;{}&#8220;]<\/p>\n<p><strong><span class=\"et-fb-editable-element et-fb-editable-element__editing\" contenteditable=\"true\" data-shortcode-id=\"2.2.0.0-1627044838482\">Gesch\u00e4ftsbesorgungen<\/span> f\u00fcr Investmentvehikel<\/strong><\/p>\n<p>Das regulatorische Rahmenwerk f\u00fcr Alternative Anlagen wurde in den vergangenen Jahren stets erweitert durch die Einf\u00fchrung von u.a. AIFMD, DAC6, ATAD2, MIFIR, etc. Die dadurch fortlaufend entstandenen aufsichts-, steuerrechtlichen sowie allgemeinen Governance Anforderungen an Investmentvehikel (sowohl reguliert als auch unreguliert) wird zus\u00e4tzlich durch die regelm\u00e4\u00dfig notwendige Einbindung einer Vielzahl von Beteiligten f\u00fcr die Umsetzung von Alternativen Anlagestrategien verkompliziert.<\/p>\n<p>Die Alterna schafft L\u00f6sungen f\u00fcr die in diesem Zusammenhang entstehenden besonders komplexen Herausforderungen. Dazu geh\u00f6rt unter anderem:<\/p>\n<ul>\n<li>\u00dcberwachung, Koordination und Sicherstellung gesellschaftsrechtlicher und organisatorischer Gesch\u00e4ftsprozesse sowie Audit-Begleitung,<\/li>\n<li>Bewertungsdienstleistungen &amp; Preisvalidierung der Alternativen Anlagen \u2013 bei Private Debt Portfolien agiert die Alterna auch als externer Bewerter,<\/li>\n<li>Unterst\u00fctzung bei der Erstellung eines Ratings sowohl auf Ebene der Einzelinvestitionen (ggf. sogar Bereitstellung eines internen Ratings) und\/oder auf Ebene des Vehikels durch eine externe Rating-Agentur,<\/li>\n<li>Anteilsscheinbewertung und Bewertung des emittierten Finanzinstruments auf der Passiv-Seite.<\/li>\n<\/ul>\n<p>[\/et_pb_text][\/et_pb_column][et_pb_column type=&#8220;1_3&#8243; _builder_version=&#8220;4.9.7&#8243; background_color_gradient_direction=&#8220;115deg&#8220; global_colors_info=&#8220;{}&#8220; custom_padding__hover=&#8220;|||&#8220;][et_pb_image src=&#8220;https:\/\/alterna-gruppe.com\/de\/wp-content\/uploads\/2021\/06\/empty-floor-front-modern-building.jpg&#8220; title_text=&#8220;alterna-gruppe.com &#8211; Gesch\u00e4ftsbesorgungen f\u00fcr Investmentvehikel&#8220; _builder_version=&#8220;4.9.11&#8243; _module_preset=&#8220;default&#8220; custom_margin=&#8220;60px||||false|false&#8220; custom_margin_tablet=&#8220;30px||||false|false&#8220; custom_margin_phone=&#8220;10px||||false|false&#8220; custom_margin_last_edited=&#8220;on|desktop&#8220; border_color_all=&#8220;#efefef&#8220; box_shadow_style=&#8220;preset3&#8243; box_shadow_color=&#8220;rgba(0,0,0,0.62)&#8220; box_shadow_horizontal_tablet=&#8220;&#8220; box_shadow_horizontal_phone=&#8220;&#8220; box_shadow_horizontal_last_edited=&#8220;on|desktop&#8220; box_shadow_vertical_tablet=&#8220;&#8220; box_shadow_vertical_phone=&#8220;&#8220; box_shadow_vertical_last_edited=&#8220;on|phone&#8220; global_colors_info=&#8220;{}&#8220;][\/et_pb_image][\/et_pb_column][\/et_pb_row][\/et_pb_section][et_pb_section fb_built=&#8220;1&#8243; admin_label=&#8220;Kontakt&#8220; _builder_version=&#8220;4.9.4&#8243; _module_preset=&#8220;default&#8220; background_color=&#8220;#f7f7f7&#8243; global_colors_info=&#8220;{}&#8220;][et_pb_row column_structure=&#8220;3_5,2_5&#8243; _builder_version=&#8220;4.9.7&#8243; width_tablet=&#8220;&#8220; width_phone=&#8220;&#8220; width_last_edited=&#8220;on|desktop&#8220; module_alignment=&#8220;center&#8220; custom_margin=&#8220;0px||0px||false|false&#8220; custom_padding=&#8220;0px||0px||false|false&#8220; global_colors_info=&#8220;{}&#8220;][et_pb_column type=&#8220;3_5&#8243; _builder_version=&#8220;3.25&#8243; background_color_gradient_direction=&#8220;35deg&#8220; custom_padding=&#8220;|60px||&#8220; global_colors_info=&#8220;{}&#8220; custom_padding__hover=&#8220;|||&#8220;][et_pb_text admin_label=&#8220;Tittle&#8220; _builder_version=&#8220;4.9.7&#8243; text_font=&#8220;||||||||&#8220; text_font_size=&#8220;18px&#8220; text_line_height=&#8220;1.8em&#8220; header_text_align=&#8220;center&#8220; header_2_letter_spacing=&#8220;1px&#8220; header_3_font=&#8220;|600||||on|||&#8220; header_3_text_color=&#8220;#444444&#8243; header_3_font_size=&#8220;23px&#8220; header_3_letter_spacing=&#8220;2px&#8220; header_3_line_height=&#8220;1.5em&#8220; max_width=&#8220;600px&#8220; max_width_tablet=&#8220;&#8220; max_width_phone=&#8220;&#8220; max_width_last_edited=&#8220;on|phone&#8220; module_alignment=&#8220;left&#8220; custom_margin=&#8220;|||&#8220; header_3_font_size_tablet=&#8220;&#8220; header_3_font_size_phone=&#8220;19px&#8220; header_3_font_size_last_edited=&#8220;on|phone&#8220; locked=&#8220;off&#8220; global_colors_info=&#8220;{}&#8220;]<\/p>\n<h3>Kontakt<\/h3>\n<p>[\/et_pb_text][\/et_pb_column][et_pb_column type=&#8220;2_5&#8243; _builder_version=&#8220;4.9.4&#8243; background_color_gradient_direction=&#8220;115deg&#8220; custom_padding=&#8220;|||&#8220; global_colors_info=&#8220;{}&#8220; custom_padding__hover=&#8220;|||&#8220;][\/et_pb_column][\/et_pb_row][et_pb_row column_structure=&#8220;1_2,1_2&#8243; _builder_version=&#8220;4.9.7&#8243; _module_preset=&#8220;default&#8220; custom_margin=&#8220;0px||0px||false|false&#8220; custom_padding=&#8220;0px||0px||false|false&#8220; global_colors_info=&#8220;{}&#8220;][et_pb_column type=&#8220;1_2&#8243; _builder_version=&#8220;4.9.4&#8243; _module_preset=&#8220;default&#8220; global_colors_info=&#8220;{}&#8220;][et_pb_blurb image=&#8220;https:\/\/alterna-gruppe.com\/de\/wp-content\/uploads\/2021\/06\/de.png&#8220; icon_alignment=&#8220;left&#8220; admin_label=&#8220;Kontakt DE&#8220; _builder_version=&#8220;4.9.10&#8243; _module_preset=&#8220;default&#8220; custom_margin=&#8220;10%||||false|false&#8220; global_colors_info=&#8220;{}&#8220;]<\/p>\n<p>Alterna S+A GmbH<br \/>Ballplatz 5a<br \/>D-55116 Mainz<br \/>M:<a href=\"mailto:info@alterna-gruppe.com\"> info@alterna-gruppe.com<\/a><br \/>T: +49 69 90 02 82 60<\/p>\n<p>[\/et_pb_blurb][\/et_pb_column][et_pb_column type=&#8220;1_2&#8243; _builder_version=&#8220;4.9.4&#8243; _module_preset=&#8220;default&#8220; global_colors_info=&#8220;{}&#8220;][\/et_pb_column][\/et_pb_row][\/et_pb_section]<\/p>\n","protected":false},"excerpt":{"rendered":"<p>Philosophie Alterna fokussiert auf das Machbare und nicht auf das schon Gemachte. Die Alterna verschiebt f\u00fcr ihre Klienten die Grenzen der Flexibilit\u00e4t bei der Strukturierung und Verwaltung von Alternativen Anlagen. Basierend auf der geb\u00fcndelten Kenntnis \u00fcber den vollst\u00e4ndigen Raum realisierbarer Umsetzungsoptionen, ist die Alterna in der einzigartigen Lage, optimale L\u00f6sungen f\u00fcr Klienten zu spezifizieren, ohne [&hellip;]<\/p>\n","protected":false},"author":1,"featured_media":0,"parent":0,"menu_order":0,"comment_status":"closed","ping_status":"closed","template":"","meta":{"_et_pb_use_builder":"on","_et_pb_old_content":"","_et_gb_content_width":"","footnotes":""},"class_list":["post-7666","page","type-page","status-publish","hentry"],"_links":{"self":[{"href":"https:\/\/alterna-gruppe.com\/de\/wp-json\/wp\/v2\/pages\/7666","targetHints":{"allow":["GET"]}}],"collection":[{"href":"https:\/\/alterna-gruppe.com\/de\/wp-json\/wp\/v2\/pages"}],"about":[{"href":"https:\/\/alterna-gruppe.com\/de\/wp-json\/wp\/v2\/types\/page"}],"author":[{"embeddable":true,"href":"https:\/\/alterna-gruppe.com\/de\/wp-json\/wp\/v2\/users\/1"}],"replies":[{"embeddable":true,"href":"https:\/\/alterna-gruppe.com\/de\/wp-json\/wp\/v2\/comments?post=7666"}],"version-history":[{"count":5,"href":"https:\/\/alterna-gruppe.com\/de\/wp-json\/wp\/v2\/pages\/7666\/revisions"}],"predecessor-version":[{"id":8089,"href":"https:\/\/alterna-gruppe.com\/de\/wp-json\/wp\/v2\/pages\/7666\/revisions\/8089"}],"wp:attachment":[{"href":"https:\/\/alterna-gruppe.com\/de\/wp-json\/wp\/v2\/media?parent=7666"}],"curies":[{"name":"wp","href":"https:\/\/api.w.org\/{rel}","templated":true}]}}